{"id":16,"date":"2025-06-13T09:33:23","date_gmt":"2025-06-13T09:33:23","guid":{"rendered":"https:\/\/hisabarbara.si\/?page_id=16"},"modified":"2026-02-10T18:26:05","modified_gmt":"2026-02-10T18:26:05","slug":"domov","status":"publish","type":"page","link":"https:\/\/hisabarbara.si\/en\/","title":{"rendered":"Home"},"content":{"rendered":"\t\t<div data-elementor-type=\"wp-page\" data-elementor-id=\"16\" class=\"elementor elementor-16\" data-elementor-post-type=\"page\">\n\t\t\t\t<div class=\"elementor-element elementor-element-af7f929 e-flex e-con-boxed e-con e-parent\" data-id=\"af7f929\" data-element_type=\"container\" data-e-type=\"container\">\n\t\t\t\t\t<div class=\"e-con-inner\">\n\t\t<div class=\"elementor-element elementor-element-345b606 e-con-full e-flex e-con e-child\" data-id=\"345b606\" data-element_type=\"container\" data-e-type=\"container\">\n\t\t\t\t<div class=\"elementor-element elementor-element-404e73f animated-slow horse-animation elementor-invisible elementor-widget elementor-widget-image\" data-id=\"404e73f\" data-element_type=\"widget\" data-e-type=\"widget\" data-settings=\"{&quot;_animation&quot;:&quot;slideInLeft&quot;,&quot;_animation_delay&quot;:0}\" data-widget_type=\"image.default\">\n\t\t\t\t<div class=\"elementor-widget-container\">\n\t\t\t\t\t\t\t\t\t\t\t\t\t\t\t<img decoding=\"async\" width=\"500\" height=\"500\" src=\"https:\/\/hisabarbara.si\/wp-content\/uploads\/2025\/06\/konj-barbara-anim.png\" class=\"attachment-large size-large wp-image-91\" alt=\"\" srcset=\"https:\/\/hisabarbara.si\/wp-content\/uploads\/2025\/06\/konj-barbara-anim.png 500w, https:\/\/hisabarbara.si\/wp-content\/uploads\/2025\/06\/konj-barbara-anim-300x300.png 300w, https:\/\/hisabarbara.si\/wp-content\/uploads\/2025\/06\/konj-barbara-anim-150x150.png 150w\" sizes=\"(max-width: 500px) 100vw, 500px\" \/>\t\t\t\t\t\t\t\t\t\t\t\t\t\t\t<\/div>\n\t\t\t\t<\/div>\n\t\t\t\t<\/div>\n\t\t\t\t\t<\/div>\n\t\t\t\t<\/div>\n\t\t<div class=\"elementor-element elementor-element-d5b80b5 e-flex e-con-boxed e-con e-parent\" data-id=\"d5b80b5\" data-element_type=\"container\" data-e-type=\"container\">\n\t\t\t\t\t<div class=\"e-con-inner\">\n\t\t<div class=\"elementor-element elementor-element-078d774 e-con-full elementor-hidden-mobile e-flex e-con e-child\" data-id=\"078d774\" data-element_type=\"container\" data-e-type=\"container\">\n\t\t\t\t<\/div>\n\t\t<div class=\"elementor-element elementor-element-254223e e-con-full e-flex e-con e-child\" data-id=\"254223e\" data-element_type=\"container\" data-e-type=\"container\">\n\t\t<div class=\"elementor-element elementor-element-e177ac8 e-con-full e-flex e-con e-child\" data-id=\"e177ac8\" data-element_type=\"container\" data-e-type=\"container\">\n\t\t<div class=\"elementor-element elementor-element-ff406da e-con-full elementor-hidden-mobile e-flex e-con e-child\" data-id=\"ff406da\" data-element_type=\"container\" data-e-type=\"container\">\n\t\t\t\t<\/div>\n\t\t<div class=\"elementor-element elementor-element-3a690e3 e-con-full e-flex e-con e-child\" data-id=\"3a690e3\" data-element_type=\"container\" data-e-type=\"container\">\n\t\t\t\t<div class=\"elementor-element elementor-element-bf61ab2 elementor-widget elementor-widget-heading\" data-id=\"bf61ab2\" data-element_type=\"widget\" data-e-type=\"widget\" data-widget_type=\"heading.default\">\n\t\t\t\t<div class=\"elementor-widget-container\">\n\t\t\t\t\t<h1 class=\"elementor-heading-title elementor-size-default\">Dobrodo\u0161li v Hi\u0161o Barbara<\/h1>\t\t\t\t<\/div>\n\t\t\t\t<\/div>\n\t\t\t\t<div class=\"elementor-element elementor-element-faf8075 elementor-widget elementor-widget-text-editor\" data-id=\"faf8075\" data-element_type=\"widget\" data-e-type=\"widget\" data-widget_type=\"text-editor.default\">\n\t\t\t\t<div class=\"elementor-widget-container\">\n\t\t\t\t\t\t\t\t\t<p>Hi\u0161a Barbara. Korak stran od mestnega vrve\u017ea, a v samem sredi\u0161\u010du dogajanja. Ko vstopite, vas objame preprostost sodobnega udobja. Tu ste dobrodo\u0161li \u2013 naj bo za kratek oddih, poslovno pot ali tihi pobeg v Celje, kjer je vse, kar potrebujete, \u017ee blizu.<\/p>\t\t\t\t\t\t\t\t<\/div>\n\t\t\t\t<\/div>\n\t\t\t\t<\/div>\n\t\t<div class=\"elementor-element elementor-element-8ccdd5d e-con-full elementor-hidden-mobile e-flex e-con e-child\" data-id=\"8ccdd5d\" data-element_type=\"container\" data-e-type=\"container\">\n\t\t\t\t<\/div>\n\t\t\t\t<\/div>\n\t\t\t\t<div class=\"elementor-element elementor-element-41b1a2c elementor--h-position-center elementor--v-position-middle elementor-arrows-position-inside elementor-pagination-position-inside elementor-widget elementor-widget-slides\" data-id=\"41b1a2c\" data-element_type=\"widget\" data-e-type=\"widget\" data-settings=\"{&quot;navigation&quot;:&quot;both&quot;,&quot;autoplay&quot;:&quot;yes&quot;,&quot;pause_on_hover&quot;:&quot;yes&quot;,&quot;pause_on_interaction&quot;:&quot;yes&quot;,&quot;autoplay_speed&quot;:5000,&quot;infinite&quot;:&quot;yes&quot;,&quot;transition&quot;:&quot;slide&quot;,&quot;transition_speed&quot;:500}\" data-widget_type=\"slides.default\">\n\t\t\t\t<div class=\"elementor-widget-container\">\n\t\t\t\t\t\t\t\t\t<div class=\"elementor-swiper\">\n\t\t\t\t\t<div class=\"elementor-slides-wrapper elementor-main-swiper swiper\" role=\"region\" aria-roledescription=\"carousel\" aria-label=\"Slides\" dir=\"ltr\" data-animation=\"fadeInUp\">\n\t\t\t\t<div class=\"swiper-wrapper elementor-slides\">\n\t\t\t\t\t\t\t\t\t\t<div class=\"elementor-repeater-item-f83f2bb swiper-slide\" role=\"group\" aria-roledescription=\"slide\"><div class=\"swiper-slide-bg elementor-ken-burns elementor-ken-burns--in\" role=\"img\"><\/div><div class=\"swiper-slide-inner\" ><div class=\"swiper-slide-contents\"><\/div><\/div><\/div><div class=\"elementor-repeater-item-37ca925 swiper-slide\" role=\"group\" aria-roledescription=\"slide\"><div class=\"swiper-slide-bg elementor-ken-burns elementor-ken-burns--in\" role=\"img\"><\/div><div class=\"swiper-slide-inner\" ><div class=\"swiper-slide-contents\"><\/div><\/div><\/div><div class=\"elementor-repeater-item-2703a1d swiper-slide\" role=\"group\" aria-roledescription=\"slide\"><div class=\"swiper-slide-bg elementor-ken-burns elementor-ken-burns--in\" role=\"img\"><\/div><div class=\"swiper-slide-inner\" ><div class=\"swiper-slide-contents\"><\/div><\/div><\/div><div class=\"elementor-repeater-item-6686aae swiper-slide\" role=\"group\" aria-roledescription=\"slide\"><div class=\"swiper-slide-bg elementor-ken-burns elementor-ken-burns--in\" role=\"img\"><\/div><div class=\"swiper-slide-inner\" ><div class=\"swiper-slide-contents\"><\/div><\/div><\/div><div class=\"elementor-repeater-item-dd91579 swiper-slide\" role=\"group\" aria-roledescription=\"slide\"><div class=\"swiper-slide-bg elementor-ken-burns elementor-ken-burns--in\" role=\"img\"><\/div><div class=\"swiper-slide-inner\" ><div class=\"swiper-slide-contents\"><\/div><\/div><\/div><div class=\"elementor-repeater-item-16b1c6b swiper-slide\" role=\"group\" aria-roledescription=\"slide\"><div class=\"swiper-slide-bg elementor-ken-burns elementor-ken-burns--in\" role=\"img\"><\/div><div class=\"swiper-slide-inner\" ><div class=\"swiper-slide-contents\"><\/div><\/div><\/div>\t\t\t\t<\/div>\n\t\t\t\t\t\t\t\t\t\t\t\t\t\t\t<div class=\"elementor-swiper-button elementor-swiper-button-prev\" role=\"button\" tabindex=\"0\" aria-label=\"Previous slide\">\n\t\t\t\t\t\t\t<svg aria-hidden=\"true\" class=\"e-font-icon-svg e-eicon-chevron-left\" viewBox=\"0 0 1000 1000\" xmlns=\"http:\/\/www.w3.org\/2000\/svg\"><path d=\"M646 125C629 125 613 133 604 142L308 442C296 454 292 471 292 487 292 504 296 521 308 533L604 854C617 867 629 875 646 875 663 875 679 871 692 858 704 846 713 829 713 812 713 796 708 779 692 767L438 487 692 225C700 217 708 204 708 187 708 171 704 154 692 142 675 129 663 125 646 125Z\"><\/path><\/svg>\t\t\t\t\t\t<\/div>\n\t\t\t\t\t\t<div class=\"elementor-swiper-button elementor-swiper-button-next\" role=\"button\" tabindex=\"0\" aria-label=\"Next slide\">\n\t\t\t\t\t\t\t<svg aria-hidden=\"true\" class=\"e-font-icon-svg e-eicon-chevron-right\" viewBox=\"0 0 1000 1000\" xmlns=\"http:\/\/www.w3.org\/2000\/svg\"><path d=\"M696 533C708 521 713 504 713 487 713 471 708 454 696 446L400 146C388 133 375 125 354 125 338 125 325 129 313 142 300 154 292 171 292 187 292 204 296 221 308 233L563 492 304 771C292 783 288 800 288 817 288 833 296 850 308 863 321 871 338 875 354 875 371 875 388 867 400 854L696 533Z\"><\/path><\/svg>\t\t\t\t\t\t<\/div>\n\t\t\t\t\t\t\t\t\t\t\t\t\t\t\t\t<div class=\"swiper-pagination\"><\/div>\n\t\t\t\t\t\t\t\t\t\t\t\t<\/div>\n\t\t\t\t<\/div>\n\t\t\t\t\t\t\t\t<\/div>\n\t\t\t\t<\/div>\n\t\t<div class=\"elementor-element elementor-element-3a814ca e-con-full e-flex e-con e-child\" data-id=\"3a814ca\" data-element_type=\"container\" data-e-type=\"container\">\n\t\t<div class=\"elementor-element elementor-element-7b16682 e-con-full e-flex e-con e-child\" data-id=\"7b16682\" data-element_type=\"container\" data-e-type=\"container\">\n\t\t\t\t<div class=\"elementor-element elementor-element-3d3eaef e-transform elementor-widget elementor-widget-image\" data-id=\"3d3eaef\" data-element_type=\"widget\" data-e-type=\"widget\" data-settings=\"{&quot;_transform_scale_effect_hover&quot;:{&quot;unit&quot;:&quot;px&quot;,&quot;size&quot;:1.0500000000000000444089209850062616169452667236328125,&quot;sizes&quot;:[]},&quot;_transform_scale_effect_hover_tablet&quot;:{&quot;unit&quot;:&quot;px&quot;,&quot;size&quot;:&quot;&quot;,&quot;sizes&quot;:[]},&quot;_transform_scale_effect_hover_mobile&quot;:{&quot;unit&quot;:&quot;px&quot;,&quot;size&quot;:&quot;&quot;,&quot;sizes&quot;:[]}}\" data-widget_type=\"image.default\">\n\t\t\t\t<div class=\"elementor-widget-container\">\n\t\t\t\t\t\t\t\t\t\t\t\t\t\t\t\t<a href=\"https:\/\/hisabarbara.si\/nase-sobe\/\">\n\t\t\t\t\t\t\t<img decoding=\"async\" width=\"250\" height=\"375\" src=\"https:\/\/hisabarbara.si\/wp-content\/uploads\/2025\/06\/sobe.jpg\" class=\"attachment-large size-large wp-image-1246\" alt=\"\" srcset=\"https:\/\/hisabarbara.si\/wp-content\/uploads\/2025\/06\/sobe.jpg 250w, https:\/\/hisabarbara.si\/wp-content\/uploads\/2025\/06\/sobe-200x300.jpg 200w, https:\/\/hisabarbara.si\/wp-content\/uploads\/2025\/06\/sobe-8x12.jpg 8w\" sizes=\"(max-width: 250px) 100vw, 250px\" \/>\t\t\t\t\t\t\t\t<\/a>\n\t\t\t\t\t\t\t\t\t\t\t\t\t\t\t<\/div>\n\t\t\t\t<\/div>\n\t\t\t\t<div class=\"elementor-element elementor-element-84e8778 elementor-widget elementor-widget-heading\" data-id=\"84e8778\" data-element_type=\"widget\" data-e-type=\"widget\" data-widget_type=\"heading.default\">\n\t\t\t\t<div class=\"elementor-widget-container\">\n\t\t\t\t\t<h2 class=\"elementor-heading-title elementor-size-default\"><a href=\"https:\/\/hisabarbara.si\/en\/nase-sobe\/\">Ogled sob<\/a><\/h2>\t\t\t\t<\/div>\n\t\t\t\t<\/div>\n\t\t\t\t<\/div>\n\t\t<div class=\"elementor-element elementor-element-be1e1e0 e-con-full e-flex e-con e-child\" data-id=\"be1e1e0\" data-element_type=\"container\" data-e-type=\"container\">\n\t\t\t\t<div class=\"elementor-element elementor-element-9c3dc94 e-transform elementor-widget elementor-widget-image\" data-id=\"9c3dc94\" data-element_type=\"widget\" data-e-type=\"widget\" data-settings=\"{&quot;_transform_scale_effect_hover&quot;:{&quot;unit&quot;:&quot;px&quot;,&quot;size&quot;:1.0500000000000000444089209850062616169452667236328125,&quot;sizes&quot;:[]},&quot;_transform_scale_effect_hover_tablet&quot;:{&quot;unit&quot;:&quot;px&quot;,&quot;size&quot;:&quot;&quot;,&quot;sizes&quot;:[]},&quot;_transform_scale_effect_hover_mobile&quot;:{&quot;unit&quot;:&quot;px&quot;,&quot;size&quot;:&quot;&quot;,&quot;sizes&quot;:[]}}\" data-widget_type=\"image.default\">\n\t\t\t\t<div class=\"elementor-widget-container\">\n\t\t\t\t\t\t\t\t\t\t\t\t\t\t\t\t<a href=\"https:\/\/hisabarbara.si\/en\/o-hisi-barbara\/\">\n\t\t\t\t\t\t\t<img loading=\"lazy\" decoding=\"async\" width=\"250\" height=\"375\" src=\"https:\/\/hisabarbara.si\/wp-content\/uploads\/2025\/06\/o-nas.jpg\" class=\"attachment-large size-large wp-image-1245\" alt=\"\" srcset=\"https:\/\/hisabarbara.si\/wp-content\/uploads\/2025\/06\/o-nas.jpg 250w, https:\/\/hisabarbara.si\/wp-content\/uploads\/2025\/06\/o-nas-200x300.jpg 200w, https:\/\/hisabarbara.si\/wp-content\/uploads\/2025\/06\/o-nas-8x12.jpg 8w\" sizes=\"(max-width: 250px) 100vw, 250px\" \/>\t\t\t\t\t\t\t\t<\/a>\n\t\t\t\t\t\t\t\t\t\t\t\t\t\t\t<\/div>\n\t\t\t\t<\/div>\n\t\t\t\t<div class=\"elementor-element elementor-element-04cf844 elementor-widget elementor-widget-heading\" data-id=\"04cf844\" data-element_type=\"widget\" data-e-type=\"widget\" data-widget_type=\"heading.default\">\n\t\t\t\t<div class=\"elementor-widget-container\">\n\t\t\t\t\t<h2 class=\"elementor-heading-title elementor-size-default\"><a href=\"https:\/\/hisabarbara.si\/en\/o-hisi-barbara\/\">O Hi\u0161i Barbara<\/a><\/h2>\t\t\t\t<\/div>\n\t\t\t\t<\/div>\n\t\t\t\t<\/div>\n\t\t<div class=\"elementor-element elementor-element-ba81904 e-con-full e-flex e-con e-child\" data-id=\"ba81904\" data-element_type=\"container\" data-e-type=\"container\">\n\t\t\t\t<div class=\"elementor-element elementor-element-afc1ea2 e-transform elementor-widget elementor-widget-image\" data-id=\"afc1ea2\" data-element_type=\"widget\" data-e-type=\"widget\" data-settings=\"{&quot;_transform_scale_effect_hover&quot;:{&quot;unit&quot;:&quot;px&quot;,&quot;size&quot;:1.0500000000000000444089209850062616169452667236328125,&quot;sizes&quot;:[]},&quot;_transform_scale_effect_hover_tablet&quot;:{&quot;unit&quot;:&quot;px&quot;,&quot;size&quot;:&quot;&quot;,&quot;sizes&quot;:[]},&quot;_transform_scale_effect_hover_mobile&quot;:{&quot;unit&quot;:&quot;px&quot;,&quot;size&quot;:&quot;&quot;,&quot;sizes&quot;:[]}}\" data-widget_type=\"image.default\">\n\t\t\t\t<div class=\"elementor-widget-container\">\n\t\t\t\t\t\t\t\t\t\t\t\t\t\t\t\t<a href=\"https:\/\/hisabarbara.si\/en\/vodnik-po-mestu\/\">\n\t\t\t\t\t\t\t<img loading=\"lazy\" decoding=\"async\" width=\"250\" height=\"375\" src=\"https:\/\/hisabarbara.si\/wp-content\/uploads\/2025\/06\/mestni-vodic.jpg\" class=\"attachment-large size-large wp-image-1244\" alt=\"\" srcset=\"https:\/\/hisabarbara.si\/wp-content\/uploads\/2025\/06\/mestni-vodic.jpg 250w, https:\/\/hisabarbara.si\/wp-content\/uploads\/2025\/06\/mestni-vodic-200x300.jpg 200w, https:\/\/hisabarbara.si\/wp-content\/uploads\/2025\/06\/mestni-vodic-8x12.jpg 8w\" sizes=\"(max-width: 250px) 100vw, 250px\" \/>\t\t\t\t\t\t\t\t<\/a>\n\t\t\t\t\t\t\t\t\t\t\t\t\t\t\t<\/div>\n\t\t\t\t<\/div>\n\t\t\t\t<div class=\"elementor-element elementor-element-48fb46b elementor-widget elementor-widget-heading\" data-id=\"48fb46b\" data-element_type=\"widget\" data-e-type=\"widget\" data-widget_type=\"heading.default\">\n\t\t\t\t<div class=\"elementor-widget-container\">\n\t\t\t\t\t<h2 class=\"elementor-heading-title elementor-size-default\"><a href=\"https:\/\/hisabarbara.si\/en\/vodnik-po-mestu\/\">Mestni vodi\u010d<\/a><\/h2>\t\t\t\t<\/div>\n\t\t\t\t<\/div>\n\t\t\t\t<\/div>\n\t\t\t\t<\/div>\n\t\t\t\t<\/div>\n\t\t<div class=\"elementor-element elementor-element-143d1a6 e-con-full elementor-hidden-mobile e-flex e-con e-child\" data-id=\"143d1a6\" data-element_type=\"container\" data-e-type=\"container\">\n\t\t\t\t<\/div>\n\t\t\t\t\t<\/div>\n\t\t\t\t<\/div>\n\t\t<div class=\"elementor-element elementor-element-e568733 e-flex e-con-boxed e-con e-parent\" data-id=\"e568733\" data-element_type=\"container\" data-e-type=\"container\">\n\t\t\t\t\t<div class=\"e-con-inner\">\n\t\t<div class=\"elementor-element elementor-element-1ed3f0a e-con-full elementor-hidden-mobile e-flex e-con e-child\" data-id=\"1ed3f0a\" data-element_type=\"container\" data-e-type=\"container\">\n\t\t\t\t<\/div>\n\t\t<div class=\"elementor-element elementor-element-04cfc7f e-con-full e-flex e-con e-child\" data-id=\"04cfc7f\" data-element_type=\"container\" data-e-type=\"container\">\n\t\t<div class=\"elementor-element elementor-element-e74213b e-con-full e-flex e-con e-child\" data-id=\"e74213b\" data-element_type=\"container\" data-e-type=\"container\">\n\t\t<div class=\"elementor-element elementor-element-7cdcacb e-con-full elementor-hidden-mobile e-flex e-con e-child\" data-id=\"7cdcacb\" data-element_type=\"container\" data-e-type=\"container\">\n\t\t\t\t<\/div>\n\t\t<div class=\"elementor-element elementor-element-e64890f e-con-full e-flex e-con e-child\" data-id=\"e64890f\" data-element_type=\"container\" data-e-type=\"container\">\n\t\t\t\t<div class=\"elementor-element elementor-element-f18495c elementor-widget elementor-widget-text-editor\" data-id=\"f18495c\" data-element_type=\"widget\" data-e-type=\"widget\" data-widget_type=\"text-editor.default\">\n\t\t\t\t<div class=\"elementor-widget-container\">\n\t\t\t\t\t\t\t\t\t<p>Hi\u0161a Barbara se nahaja v starem mestnem jedru Celja in zdru\u017euje umirjen sodoben interier s poudarki, ki spominjajo na bogato zgodovino hi\u0161e. Ponuja \u0161est stilskih sob in en apartma, kjer se doma\u010dnost prepleta s sodobnim udobjem. V samem sredi\u0161\u010du Celja omogo\u010damo enostaven dostop do znamenitosti, restavracij in poslovnih sredi\u0161\u010d \u2013 idealno tako za spro\u0161\u010dene oddihe kot za poslovna potovanja. U\u017eivajte v premi\u0161ljeno zasnovanih prostorih, kakovostni storitvi in brezskrbnem bivanju.<\/p>\t\t\t\t\t\t\t\t<\/div>\n\t\t\t\t<\/div>\n\t\t\t\t<\/div>\n\t\t<div class=\"elementor-element elementor-element-1aa4043 e-con-full elementor-hidden-mobile e-flex e-con e-child\" data-id=\"1aa4043\" data-element_type=\"container\" data-e-type=\"container\">\n\t\t\t\t<\/div>\n\t\t\t\t<\/div>\n\t\t\t\t<div class=\"elementor-element elementor-element-8f753c8 elementor-align-center elementor-widget elementor-widget-button\" data-id=\"8f753c8\" data-element_type=\"widget\" data-e-type=\"widget\" data-widget_type=\"button.default\">\n\t\t\t\t<div class=\"elementor-widget-container\">\n\t\t\t\t\t\t\t\t\t<div class=\"elementor-button-wrapper\">\n\t\t\t\t\t<a class=\"elementor-button elementor-button-link elementor-size-sm elementor-animation-shrink\" href=\"https:\/\/hisabarbara.si\/en\/nase-sobe\/\">\n\t\t\t\t\t\t<span class=\"elementor-button-content-wrapper\">\n\t\t\t\t\t\t\t\t\t<span class=\"elementor-button-text\">IZBERI SOBO<\/span>\n\t\t\t\t\t<\/span>\n\t\t\t\t\t<\/a>\n\t\t\t\t<\/div>\n\t\t\t\t\t\t\t\t<\/div>\n\t\t\t\t<\/div>\n\t\t\t\t<\/div>\n\t\t<div class=\"elementor-element elementor-element-3cc9da0 e-con-full e-flex e-con e-child\" data-id=\"3cc9da0\" data-element_type=\"container\" data-e-type=\"container\">\n\t\t\t\t<\/div>\n\t\t\t\t\t<\/div>\n\t\t\t\t<\/div>\n\t\t<div class=\"elementor-element elementor-element-3c97f88 e-flex e-con-boxed e-con e-parent\" data-id=\"3c97f88\" data-element_type=\"container\" data-e-type=\"container\">\n\t\t\t\t\t<div class=\"e-con-inner\">\n\t\t\t\t<div class=\"elementor-element elementor-element-62dd37f elementor-widget elementor-widget-html\" data-id=\"62dd37f\" data-element_type=\"widget\" data-e-type=\"widget\" data-widget_type=\"html.default\">\n\t\t\t\t<div class=\"elementor-widget-container\">\n\t\t\t\t\t<!-- Hidden Winter Modal -->\r\n<div id=\"myCustomModal\" class=\"custom-modal-overlay\">\r\n  <div class=\"custom-modal-content\">\r\n    <span class=\"custom-modal-close\">\u00d7<\/span>\r\n    <div class=\"popup-content\"><div data-post-id=\"1963\" class=\"insert-page insert-page-1963 \"><p>&nbsp;<\/p>\n<p style=\"text-align: center;\"><span style=\"font-family: 'arial black', 'avant garde';\"><strong><span style=\"font-size: 15px;\">Promocija za neposredne rezervacije\u00a0 -12%!<\/span><\/strong><\/span><\/p>\n<p style=\"text-align: center;\"><span style=\"font-family: 'arial black', 'avant garde';\"><strong><span style=\"font-size: 15px;\">Direct booking promotion -12%!<\/span><\/strong><\/span><\/p>\n<p>&nbsp;<\/p>\n<p><img fetchpriority=\"high\" fetchpriority=\"high\" decoding=\"async\" class=\" wp-image-2155 aligncenter\" src=\"https:\/\/hisabarbara.si\/wp-content\/uploads\/2026\/01\/HisaBarbara_LR_2-300x225.jpg\" alt=\"\" width=\"364\" height=\"273\" srcset=\"https:\/\/hisabarbara.si\/wp-content\/uploads\/2026\/01\/HisaBarbara_LR_2-300x225.jpg 300w, https:\/\/hisabarbara.si\/wp-content\/uploads\/2026\/01\/HisaBarbara_LR_2-1024x768.jpg 1024w, https:\/\/hisabarbara.si\/wp-content\/uploads\/2026\/01\/HisaBarbara_LR_2-768x576.jpg 768w, https:\/\/hisabarbara.si\/wp-content\/uploads\/2026\/01\/HisaBarbara_LR_2-1536x1152.jpg 1536w, https:\/\/hisabarbara.si\/wp-content\/uploads\/2026\/01\/HisaBarbara_LR_2-16x12.jpg 16w, https:\/\/hisabarbara.si\/wp-content\/uploads\/2026\/01\/HisaBarbara_LR_2.jpg 2000w\" sizes=\"(max-width: 364px) 100vw, 364px\" \/><\/p>\n<\/div><\/div>\r\n  <\/div>\r\n<\/div>\r\n\r\n<style>\r\n  .custom-modal-overlay {\r\n    display: none;\r\n    position: fixed;\r\n    top: 0; left: 0; right: 0; bottom: 0;\r\n    background: rgba(0,0,0,0.7);\r\n    z-index: 9999;\r\n    align-items: center;\r\n    justify-content: center;\r\n    opacity: 0;\r\n    transition: opacity 0.9s ease-out;\r\n  }\r\n  .custom-modal-overlay.show {\r\n    display: flex !important;\r\n    opacity: 1;\r\n  }\r\n\r\n  .custom-modal-content {\r\n    background: #edede8;\r\n    padding: 30px;\r\n    border-radius: 10px;\r\n    max-width: 740px;\r\n    width: 90%;\r\n    position: relative;\r\n    z-index: 2;\r\n  }\r\n  .custom-modal-close {\r\n    position: absolute;\r\n    top: 10px; right: 15px;\r\n    font-size: 30px;\r\n    cursor: pointer;\r\n    color: #aaa;\r\n  }\r\n  .custom-modal-close:hover { color: #000; }\r\n\r\n  .custom-modal-overlay::before {\r\n    content: \"\";\r\n    position: absolute;\r\n    inset: 0;\r\n    pointer-events: none;\r\n    z-index: 1;\r\n    overflow: hidden;\r\n  }\r\n\r\n  .snowflake {\r\n    position: absolute;\r\n    color: #fff;\r\n    pointer-events: none;\r\n    user-select: none;\r\n    opacity: 0;\r\n    text-shadow: 0 0 10px rgba(255,255,255,0.8);\r\n    transform: translateY(-150vh);\r\n  }\r\n  \/* Snow becomes visible + starts falling when modal shows *\/\r\n  .custom-modal-overlay.show .snowflake {\r\n    opacity: 0.9;\r\n    animation: snowFall linear infinite;\r\n  }\r\n\r\n  @keyframes snowFall {\r\n    to { transform: translateY(150vh); }\r\n  }\r\n<\/style>\r\n\r\n<script>\r\ndocument.addEventListener(\"DOMContentLoaded\", function() {\r\n  const modal = document.getElementById(\"myCustomModal\");\r\n  const popupDiv = document.querySelector(\".popup-content\");\r\n  if (!modal || !popupDiv) return;\r\n\r\n  \/\/ Winter only\r\n  const today = new Date();\r\n  const month = today.getMonth() + 1;\r\n  const day = today.getDate();\r\n  const isWinter = (month === 12 && day >= 1) || month === 1 || (month === 2 && day <= 12);\r\n  if (!isWinter) return;\r\n\r\n  setTimeout(() => {\r\n    const hasContent = popupDiv.textContent.trim().length > 0 ||\r\n                       popupDiv.querySelector('img, iframe, video') !== null;\r\n    if (!hasContent) return;\r\n\r\n    \/\/ 1. Create snowflakes\r\n    \/\/createSnowflakes(80);\r\n\r\n    \/\/ 2. Start their animation 4 seconds BEFORE the popup appears\r\n    \/\/    \u2192 so when popup fades in, snow is already halfway down!\r\n    modal.classList.add(\"snow-active\");\r\n\r\n    \/\/ 3. Actually show the modal after 3 seconds\r\n    setTimeout(() => {\r\n      modal.classList.add(\"show\");\r\n    }, 2000);\r\n\r\n  }, 700);\r\n\r\n  \/\/ Close\r\n  document.querySelector(\".custom-modal-close\")?.addEventListener(\"click\", closeModal);\r\n  modal.addEventListener(\"click\", e => { if (e.target === modal) closeModal(); });\r\n\r\n  function closeModal() {\r\n    modal.classList.remove(\"show\", \"snow-active\");\r\n    setTimeout(() => document.querySelectorAll(\".snowflake\").forEach(s => s.remove()), 1000);\r\n  }\r\n\r\n  function createSnowflakes(count = 80) {\r\n    for (let i = 0; i < count; i++) {\r\n      const f = document.createElement(\"div\");\r\n      f.className = \"snowflake\";\r\n      f.textContent = [\"\u2745\",\"\u2746\",\"\u2744\",\"\u273b\",\"\u2022\"][Math.floor(Math.random()*5)];\r\n      f.style.left = Math.random() * 100 + \"vw\";\r\n      f.style.fontSize = Math.random() * 14 + 10 + \"px\";\r\n      f.style.animationDuration = Math.random() * 20 + 15 + \"s\";  \/\/ \u2190 your original gentle speed\r\n      f.style.animationDelay = \"-\" + (Math.random() * 8 + 2) + \"s\"; \/\/ \u2190 magic line: negative delay!\r\n      modal.appendChild(f);\r\n    }\r\n  }\r\n});\r\n<\/script>\r\n\r\n<style>\r\n\/* This class starts the snow animation early (even while modal is invisible) *\/\r\n.custom-modal-overlay.snow-active .snowflake {\r\n  opacity: 0.9;\r\n  animation: snowFall linear infinite;\r\n}\r\n<\/style>\t\t\t\t<\/div>\n\t\t\t\t<\/div>\n\t\t\t\t\t<\/div>\n\t\t\t\t<\/div>\n\t\t\t\t<\/div>\n\t\t","protected":false},"excerpt":{"rendered":"<p>Dobrodo\u0161li v Hi\u0161o Barbara Hi\u0161a Barbara. Korak stran od mestnega vrve\u017ea, a v samem sredi\u0161\u010du dogajanja. Ko vstopite, vas objame preprostost sodobnega udobja. Tu ste dobrodo\u0161li \u2013 naj bo za kratek oddih, poslovno pot ali tihi pobeg v Celje, kjer je vse, kar potrebujete, \u017ee blizu. Ogled sob O Hi\u0161i Barbara Mestni vodi\u010d Hi\u0161a Barbara [&hellip;]<\/p>\n","protected":false},"author":1,"featured_media":0,"parent":0,"menu_order":1,"comment_status":"closed","ping_status":"closed","template":"","meta":{"footnotes":""},"folder":[],"class_list":["post-16","page","type-page","status-publish","hentry"],"_links":{"self":[{"href":"https:\/\/hisabarbara.si\/en\/wp-json\/wp\/v2\/pages\/16","targetHints":{"allow":["GET"]}}],"collection":[{"href":"https:\/\/hisabarbara.si\/en\/wp-json\/wp\/v2\/pages"}],"about":[{"href":"https:\/\/hisabarbara.si\/en\/wp-json\/wp\/v2\/types\/page"}],"author":[{"embeddable":true,"href":"https:\/\/hisabarbara.si\/en\/wp-json\/wp\/v2\/users\/1"}],"replies":[{"embeddable":true,"href":"https:\/\/hisabarbara.si\/en\/wp-json\/wp\/v2\/comments?post=16"}],"version-history":[{"count":336,"href":"https:\/\/hisabarbara.si\/en\/wp-json\/wp\/v2\/pages\/16\/revisions"}],"predecessor-version":[{"id":2170,"href":"https:\/\/hisabarbara.si\/en\/wp-json\/wp\/v2\/pages\/16\/revisions\/2170"}],"wp:attachment":[{"href":"https:\/\/hisabarbara.si\/en\/wp-json\/wp\/v2\/media?parent=16"}],"wp:term":[{"taxonomy":"folder","embeddable":true,"href":"https:\/\/hisabarbara.si\/en\/wp-json\/wp\/v2\/folder?post=16"}],"curies":[{"name":"wp","href":"https:\/\/api.w.org\/{rel}","templated":true}]}}