{"id":425,"date":"2025-06-14T13:52:55","date_gmt":"2025-06-14T13:52:55","guid":{"rendered":"https:\/\/hisabarbara.si\/?page_id=425"},"modified":"2025-06-19T09:05:08","modified_gmt":"2025-06-19T09:05:08","slug":"vodnik-po-mestu","status":"publish","type":"page","link":"https:\/\/hisabarbara.si\/en\/vodnik-po-mestu\/","title":{"rendered":"City Guide"},"content":{"rendered":"<div data-elementor-type=\"wp-page\" data-elementor-id=\"425\" class=\"elementor elementor-425\" data-elementor-post-type=\"page\">\n\t\t\t\t<div class=\"elementor-element elementor-element-af7f929 e-flex e-con-boxed e-con e-parent\" data-id=\"af7f929\" data-element_type=\"container\" data-e-type=\"container\">\n\t\t\t\t\t<div class=\"e-con-inner\">\n\t\t<div class=\"elementor-element elementor-element-345b606 e-con-full e-flex e-con e-child\" data-id=\"345b606\" data-element_type=\"container\" data-e-type=\"container\">\n\t\t\t\t<\/div>\n\t\t\t\t\t<\/div>\n\t\t\t\t<\/div>\n\t\t<div class=\"elementor-element elementor-element-ddecb34 e-flex e-con-boxed e-con e-parent\" data-id=\"ddecb34\" data-element_type=\"container\" data-e-type=\"container\">\n\t\t\t\t\t<div class=\"e-con-inner\">\n\t\t<div class=\"elementor-element elementor-element-1d100e9 e-con-full elementor-hidden-mobile e-flex e-con e-child\" data-id=\"1d100e9\" data-element_type=\"container\" data-e-type=\"container\">\n\t\t\t\t<\/div>\n\t\t<div class=\"elementor-element elementor-element-9f8096b e-con-full e-flex e-con e-child\" data-id=\"9f8096b\" data-element_type=\"container\" data-e-type=\"container\">\n\t\t\t\t<div class=\"elementor-element elementor-element-bf61ab2 elementor-widget elementor-widget-heading\" data-id=\"bf61ab2\" data-element_type=\"widget\" data-e-type=\"widget\" data-widget_type=\"heading.default\">\n\t\t\t\t<div class=\"elementor-widget-container\">\n\t\t\t\t\t<h2 class=\"elementor-heading-title elementor-size-default\">Discover Celje<\/h2>\t\t\t\t<\/div>\n\t\t\t\t<\/div>\n\t\t\t\t<div class=\"elementor-element elementor-element-faf8075 elementor-widget elementor-widget-text-editor\" data-id=\"faf8075\" data-element_type=\"widget\" data-e-type=\"widget\" data-widget_type=\"text-editor.default\">\n\t\t\t\t<div class=\"elementor-widget-container\">\n\t\t\t\t\t\t\t\t\t<p>Discover comfort and peace of mind at House Barbara, just steps away from Celje\u2019s main attractions. Celje is located in the heart of our beautiful country, offering easy access to stunning Alpine destinations such as Alpine  valley Logarska dolina, Velika Planina, Bled, Bohinj, Kranjska Gora, and Planica. Slovenian spa towns are also nearby \u2013 La\u0161ko is only seven minutes away, Dobrna and Zre\u010de half an hour, and Terme Olimia less than 45 minutes by car.<\/p>\t\t\t\t\t\t\t\t<\/div>\n\t\t\t\t<\/div>\n\t\t\t\t<\/div>\n\t\t<div class=\"elementor-element elementor-element-7f8549f e-con-full elementor-hidden-mobile e-flex e-con e-child\" data-id=\"7f8549f\" data-element_type=\"container\" data-e-type=\"container\">\n\t\t\t\t<\/div>\n\t\t\t\t\t<\/div>\n\t\t\t\t<\/div>\n\t\t<div class=\"elementor-element elementor-element-18cf9f4 e-flex e-con-boxed e-con e-parent\" data-id=\"18cf9f4\" data-element_type=\"container\" data-e-type=\"container\">\n\t\t\t\t\t<div class=\"e-con-inner\">\n\t\t<div class=\"elementor-element elementor-element-241bbc9 e-con-full elementor-hidden-mobile e-flex e-con e-child\" data-id=\"241bbc9\" data-element_type=\"container\" data-e-type=\"container\">\n\t\t\t\t<\/div>\n\t\t<div class=\"elementor-element elementor-element-e92d01a e-con-full e-flex e-con e-child\" data-id=\"e92d01a\" data-element_type=\"container\" data-e-type=\"container\">\n\t\t\t\t<div class=\"elementor-element elementor-element-5095593 elementor-widget elementor-widget-image\" data-id=\"5095593\" data-element_type=\"widget\" data-e-type=\"widget\" data-widget_type=\"image.default\">\n\t\t\t\t<div class=\"elementor-widget-container\">\n\t\t\t\t\t\t\t\t\t\t\t\t\t\t\t<img fetchpriority=\"high\" decoding=\"async\" width=\"1200\" height=\"800\" src=\"https:\/\/hisabarbara.si\/wp-content\/uploads\/2025\/06\/Vodnik-2.jpg\" class=\"attachment-full size-full wp-image-1111\" alt=\"\" srcset=\"https:\/\/hisabarbara.si\/wp-content\/uploads\/2025\/06\/Vodnik-2.jpg 1200w, https:\/\/hisabarbara.si\/wp-content\/uploads\/2025\/06\/Vodnik-2-300x200.jpg 300w, https:\/\/hisabarbara.si\/wp-content\/uploads\/2025\/06\/Vodnik-2-1024x683.jpg 1024w, https:\/\/hisabarbara.si\/wp-content\/uploads\/2025\/06\/Vodnik-2-768x512.jpg 768w, https:\/\/hisabarbara.si\/wp-content\/uploads\/2025\/06\/Vodnik-2-18x12.jpg 18w\" sizes=\"(max-width: 1200px) 100vw, 1200px\" \/>\t\t\t\t\t\t\t\t\t\t\t\t\t\t\t<\/div>\n\t\t\t\t<\/div>\n\t\t\t\t<\/div>\n\t\t<div class=\"elementor-element elementor-element-48ab07e e-con-full elementor-hidden-mobile e-flex e-con e-child\" data-id=\"48ab07e\" data-element_type=\"container\" data-e-type=\"container\">\n\t\t\t\t<\/div>\n\t\t\t\t\t<\/div>\n\t\t\t\t<\/div>\n\t\t<div class=\"elementor-element elementor-element-3584cd3 e-flex e-con-boxed e-con e-parent\" data-id=\"3584cd3\" data-element_type=\"container\" data-e-type=\"container\">\n\t\t\t\t\t<div class=\"e-con-inner\">\n\t\t<div class=\"elementor-element elementor-element-81916ba e-con-full elementor-hidden-mobile e-flex e-con e-child\" data-id=\"81916ba\" data-element_type=\"container\" data-e-type=\"container\">\n\t\t\t\t<\/div>\n\t\t<div class=\"elementor-element elementor-element-dc163ad e-con-full e-flex e-con e-child\" data-id=\"dc163ad\" data-element_type=\"container\" data-e-type=\"container\">\n\t\t\t\t<div class=\"elementor-element elementor-element-469adc3 elementor-widget elementor-widget-heading\" data-id=\"469adc3\" data-element_type=\"widget\" data-e-type=\"widget\" data-widget_type=\"heading.default\">\n\t\t\t\t<div class=\"elementor-widget-container\">\n\t\t\t\t\t<h2 class=\"elementor-heading-title elementor-size-default\">Celje Castle<\/h2>\t\t\t\t<\/div>\n\t\t\t\t<\/div>\n\t\t\t\t<div class=\"elementor-element elementor-element-56e7399 elementor-widget elementor-widget-text-editor\" data-id=\"56e7399\" data-element_type=\"widget\" data-e-type=\"widget\" data-widget_type=\"text-editor.default\">\n\t\t\t\t<div class=\"elementor-widget-container\">\n\t\t\t\t\t\t\t\t\t<p>Overlooking the city, the Celje Castle is a magnificent medieval fortress with centuries of rich history. Wander through its well-preserved walls, climb panoramic towers, and uncover stories of noble families and historic events. Don\u2019t miss the spectacular views over Celje and the surrounding countryside that truly bring history to life.<\/p>\t\t\t\t\t\t\t\t<\/div>\n\t\t\t\t<\/div>\n\t\t\t\t<\/div>\n\t\t<div class=\"elementor-element elementor-element-313dda4 e-con-full elementor-hidden-mobile e-flex e-con e-child\" data-id=\"313dda4\" data-element_type=\"container\" data-e-type=\"container\">\n\t\t\t\t<\/div>\n\t\t\t\t\t<\/div>\n\t\t\t\t<\/div>\n\t\t<div class=\"elementor-element elementor-element-4006f22 e-flex e-con-boxed e-con e-parent\" data-id=\"4006f22\" data-element_type=\"container\" data-e-type=\"container\">\n\t\t\t\t\t<div class=\"e-con-inner\">\n\t\t<div class=\"elementor-element elementor-element-03d0ff7 e-con-full elementor-hidden-mobile e-flex e-con e-child\" data-id=\"03d0ff7\" data-element_type=\"container\" data-e-type=\"container\">\n\t\t\t\t<\/div>\n\t\t<div class=\"elementor-element elementor-element-612e0e4 e-con-full e-flex e-con e-child\" data-id=\"612e0e4\" data-element_type=\"container\" data-e-type=\"container\">\n\t\t\t\t<div class=\"elementor-element elementor-element-3d6726b elementor-widget elementor-widget-image\" data-id=\"3d6726b\" data-element_type=\"widget\" data-e-type=\"widget\" data-widget_type=\"image.default\">\n\t\t\t\t<div class=\"elementor-widget-container\">\n\t\t\t\t\t\t\t\t\t\t\t\t\t\t\t<img decoding=\"async\" width=\"1200\" height=\"801\" src=\"https:\/\/hisabarbara.si\/wp-content\/uploads\/2025\/06\/Vodnik-3.jpg\" class=\"attachment-full size-full wp-image-1112\" alt=\"\" srcset=\"https:\/\/hisabarbara.si\/wp-content\/uploads\/2025\/06\/Vodnik-3.jpg 1200w, https:\/\/hisabarbara.si\/wp-content\/uploads\/2025\/06\/Vodnik-3-300x200.jpg 300w, https:\/\/hisabarbara.si\/wp-content\/uploads\/2025\/06\/Vodnik-3-1024x684.jpg 1024w, https:\/\/hisabarbara.si\/wp-content\/uploads\/2025\/06\/Vodnik-3-768x513.jpg 768w, https:\/\/hisabarbara.si\/wp-content\/uploads\/2025\/06\/Vodnik-3-18x12.jpg 18w\" sizes=\"(max-width: 1200px) 100vw, 1200px\" \/>\t\t\t\t\t\t\t\t\t\t\t\t\t\t\t<\/div>\n\t\t\t\t<\/div>\n\t\t\t\t<\/div>\n\t\t<div class=\"elementor-element elementor-element-739dd25 e-con-full elementor-hidden-mobile e-flex e-con e-child\" data-id=\"739dd25\" data-element_type=\"container\" data-e-type=\"container\">\n\t\t\t\t<\/div>\n\t\t\t\t\t<\/div>\n\t\t\t\t<\/div>\n\t\t<div class=\"elementor-element elementor-element-fb0f4c7 e-flex e-con-boxed e-con e-parent\" data-id=\"fb0f4c7\" data-element_type=\"container\" data-e-type=\"container\">\n\t\t\t\t\t<div class=\"e-con-inner\">\n\t\t<div class=\"elementor-element elementor-element-d6e597d e-con-full elementor-hidden-mobile e-flex e-con e-child\" data-id=\"d6e597d\" data-element_type=\"container\" data-e-type=\"container\">\n\t\t\t\t<\/div>\n\t\t<div class=\"elementor-element elementor-element-7c72c6a e-con-full e-flex e-con e-child\" data-id=\"7c72c6a\" data-element_type=\"container\" data-e-type=\"container\">\n\t\t\t\t<div class=\"elementor-element elementor-element-f9f4a4a elementor-widget elementor-widget-heading\" data-id=\"f9f4a4a\" data-element_type=\"widget\" data-e-type=\"widget\" data-widget_type=\"heading.default\">\n\t\t\t\t<div class=\"elementor-widget-container\">\n\t\t\t\t\t<h2 class=\"elementor-heading-title elementor-size-default\">Historic Old Town<\/h2>\t\t\t\t<\/div>\n\t\t\t\t<\/div>\n\t\t\t\t<div class=\"elementor-element elementor-element-0609e10 elementor-widget elementor-widget-text-editor\" data-id=\"0609e10\" data-element_type=\"widget\" data-e-type=\"widget\" data-widget_type=\"text-editor.default\">\n\t\t\t\t<div class=\"elementor-widget-container\">\n\t\t\t\t\t\t\t\t\t<p>Wander through Celje\u2019s historic old town, where medieval streets whisper tales of knights and nobility on the foundaments of old Roman villas. Explore charming squares, hidden courtyards, and vibrant caf\u00e9s, all set against a backdrop of centuries-old architecture.<\/p>\t\t\t\t\t\t\t\t<\/div>\n\t\t\t\t<\/div>\n\t\t\t\t<\/div>\n\t\t<div class=\"elementor-element elementor-element-a732b0b e-con-full elementor-hidden-mobile e-flex e-con e-child\" data-id=\"a732b0b\" data-element_type=\"container\" data-e-type=\"container\">\n\t\t\t\t<\/div>\n\t\t\t\t\t<\/div>\n\t\t\t\t<\/div>\n\t\t<div class=\"elementor-element elementor-element-edf1588 e-flex e-con-boxed e-con e-parent\" data-id=\"edf1588\" data-element_type=\"container\" data-e-type=\"container\">\n\t\t\t\t\t<div class=\"e-con-inner\">\n\t\t<div class=\"elementor-element elementor-element-a88a386 e-con-full elementor-hidden-mobile e-flex e-con e-child\" data-id=\"a88a386\" data-element_type=\"container\" data-e-type=\"container\">\n\t\t\t\t<\/div>\n\t\t<div class=\"elementor-element elementor-element-a8e415d e-con-full e-flex e-con e-child\" data-id=\"a8e415d\" data-element_type=\"container\" data-e-type=\"container\">\n\t\t\t\t<div class=\"elementor-element elementor-element-85441b0 elementor-widget elementor-widget-image\" data-id=\"85441b0\" data-element_type=\"widget\" data-e-type=\"widget\" data-widget_type=\"image.default\">\n\t\t\t\t<div class=\"elementor-widget-container\">\n\t\t\t\t\t\t\t\t\t\t\t\t\t\t\t<img decoding=\"async\" width=\"1200\" height=\"800\" src=\"https:\/\/hisabarbara.si\/wp-content\/uploads\/2025\/06\/Vodnik-4.jpg\" class=\"attachment-full size-full wp-image-1113\" alt=\"\" srcset=\"https:\/\/hisabarbara.si\/wp-content\/uploads\/2025\/06\/Vodnik-4.jpg 1200w, https:\/\/hisabarbara.si\/wp-content\/uploads\/2025\/06\/Vodnik-4-300x200.jpg 300w, https:\/\/hisabarbara.si\/wp-content\/uploads\/2025\/06\/Vodnik-4-1024x683.jpg 1024w, https:\/\/hisabarbara.si\/wp-content\/uploads\/2025\/06\/Vodnik-4-768x512.jpg 768w, https:\/\/hisabarbara.si\/wp-content\/uploads\/2025\/06\/Vodnik-4-18x12.jpg 18w\" sizes=\"(max-width: 1200px) 100vw, 1200px\" \/>\t\t\t\t\t\t\t\t\t\t\t\t\t\t\t<\/div>\n\t\t\t\t<\/div>\n\t\t\t\t<\/div>\n\t\t<div class=\"elementor-element elementor-element-0c94f24 e-con-full elementor-hidden-mobile e-flex e-con e-child\" data-id=\"0c94f24\" data-element_type=\"container\" data-e-type=\"container\">\n\t\t\t\t<\/div>\n\t\t\t\t\t<\/div>\n\t\t\t\t<\/div>\n\t\t<div class=\"elementor-element elementor-element-6bae6c0 e-flex e-con-boxed e-con e-parent\" data-id=\"6bae6c0\" data-element_type=\"container\" data-e-type=\"container\">\n\t\t\t\t\t<div class=\"e-con-inner\">\n\t\t<div class=\"elementor-element elementor-element-b41ad94 e-con-full elementor-hidden-mobile e-flex e-con e-child\" data-id=\"b41ad94\" data-element_type=\"container\" data-e-type=\"container\">\n\t\t\t\t<\/div>\n\t\t<div class=\"elementor-element elementor-element-327cc3d e-con-full e-flex e-con e-child\" data-id=\"327cc3d\" data-element_type=\"container\" data-e-type=\"container\">\n\t\t\t\t<div class=\"elementor-element elementor-element-4b8abd9 elementor-widget elementor-widget-heading\" data-id=\"4b8abd9\" data-element_type=\"widget\" data-e-type=\"widget\" data-widget_type=\"heading.default\">\n\t\t\t\t<div class=\"elementor-widget-container\">\n\t\t\t\t\t<h2 class=\"elementor-heading-title elementor-size-default\">Savinja River Promenade <\/h2>\t\t\t\t<\/div>\n\t\t\t\t<\/div>\n\t\t\t\t<div class=\"elementor-element elementor-element-6f97422 elementor-widget elementor-widget-text-editor\" data-id=\"6f97422\" data-element_type=\"widget\" data-e-type=\"widget\" data-widget_type=\"text-editor.default\">\n\t\t\t\t<div class=\"elementor-widget-container\">\n\t\t\t\t\t\t\t\t\t<p>Enjoy a leisurely stroll along the Savinja River Promenade, where nature meets city charm. Lined with lush greenery, inviting caf\u00e9s, and scenic views, it's the perfect spot for relaxation, cycling, or a sunset walk by the water. You can enyoj nice walkways in the Town Forest to Miklav\u017eki hrib and Anski vrh.<\/p>\t\t\t\t\t\t\t\t<\/div>\n\t\t\t\t<\/div>\n\t\t\t\t<\/div>\n\t\t<div class=\"elementor-element elementor-element-c88949d e-con-full elementor-hidden-mobile e-flex e-con e-child\" data-id=\"c88949d\" data-element_type=\"container\" data-e-type=\"container\">\n\t\t\t\t<\/div>\n\t\t\t\t\t<\/div>\n\t\t\t\t<\/div>\n\t\t\t\t<\/div>","protected":false},"excerpt":{"rendered":"<p>Odkrijte Celje Odkrijte udobje in brezskrbnost v Hi\u0161i Barbara, le korak stran od glavnih znamenitosti Celja. Celje le\u017ei v osr\u010dju na\u0161e \u010dudovite de\u017eele, od koder se lahko podate na raziskovanje \u010dudovitih alpskih koti\u010dkov, kot so Logarska dolina, Velika planina, Bled, Bohinj, Kranjska Gora in Planica. Slovenska zdravili\u0161\u010da so prav tako blizu \u2013 La\u0161ko je oddaljeno [&hellip;]<\/p>\n","protected":false},"author":1,"featured_media":0,"parent":0,"menu_order":5,"comment_status":"closed","ping_status":"closed","template":"","meta":{"footnotes":""},"folder":[],"class_list":["post-425","page","type-page","status-publish","hentry"],"_links":{"self":[{"href":"https:\/\/hisabarbara.si\/en\/wp-json\/wp\/v2\/pages\/425","targetHints":{"allow":["GET"]}}],"collection":[{"href":"https:\/\/hisabarbara.si\/en\/wp-json\/wp\/v2\/pages"}],"about":[{"href":"https:\/\/hisabarbara.si\/en\/wp-json\/wp\/v2\/types\/page"}],"author":[{"embeddable":true,"href":"https:\/\/hisabarbara.si\/en\/wp-json\/wp\/v2\/users\/1"}],"replies":[{"embeddable":true,"href":"https:\/\/hisabarbara.si\/en\/wp-json\/wp\/v2\/comments?post=425"}],"version-history":[{"count":40,"href":"https:\/\/hisabarbara.si\/en\/wp-json\/wp\/v2\/pages\/425\/revisions"}],"predecessor-version":[{"id":1825,"href":"https:\/\/hisabarbara.si\/en\/wp-json\/wp\/v2\/pages\/425\/revisions\/1825"}],"wp:attachment":[{"href":"https:\/\/hisabarbara.si\/en\/wp-json\/wp\/v2\/media?parent=425"}],"wp:term":[{"taxonomy":"folder","embeddable":true,"href":"https:\/\/hisabarbara.si\/en\/wp-json\/wp\/v2\/folder?post=425"}],"curies":[{"name":"wp","href":"https:\/\/api.w.org\/{rel}","templated":true}]}}