{"id":442,"date":"2025-06-14T14:06:45","date_gmt":"2025-06-14T14:06:45","guid":{"rendered":"https:\/\/hisabarbara.si\/?page_id=442"},"modified":"2025-06-16T07:02:35","modified_gmt":"2025-06-16T07:02:35","slug":"pogosta-vprasanja","status":"publish","type":"page","link":"https:\/\/hisabarbara.si\/en\/pogosta-vprasanja\/","title":{"rendered":"FAQ"},"content":{"rendered":"\t\t<div data-elementor-type=\"wp-page\" data-elementor-id=\"442\" class=\"elementor elementor-442\" data-elementor-post-type=\"page\">\n\t\t\t\t<div class=\"elementor-element elementor-element-6bae6c0 e-flex e-con-boxed e-con e-parent\" data-id=\"6bae6c0\" data-element_type=\"container\" data-e-type=\"container\">\n\t\t\t\t\t<div class=\"e-con-inner\">\n\t\t<div class=\"elementor-element elementor-element-b41ad94 e-con-full e-flex e-con e-child\" data-id=\"b41ad94\" data-element_type=\"container\" data-e-type=\"container\">\n\t\t\t\t<\/div>\n\t\t<div class=\"elementor-element elementor-element-327cc3d e-con-full e-flex e-con e-child\" data-id=\"327cc3d\" data-element_type=\"container\" data-e-type=\"container\">\n\t\t\t\t<div class=\"elementor-element elementor-element-4b8abd9 elementor-widget elementor-widget-heading\" data-id=\"4b8abd9\" data-element_type=\"widget\" data-e-type=\"widget\" data-widget_type=\"heading.default\">\n\t\t\t\t<div class=\"elementor-widget-container\">\n\t\t\t\t\t<h2 class=\"elementor-heading-title elementor-size-default\">Pogosta vpra\u0161anja<\/h2>\t\t\t\t<\/div>\n\t\t\t\t<\/div>\n\t\t\t\t<div class=\"elementor-element elementor-element-6f97422 elementor-widget elementor-widget-text-editor\" data-id=\"6f97422\" data-element_type=\"widget\" data-e-type=\"widget\" data-widget_type=\"text-editor.default\">\n\t\t\t\t<div class=\"elementor-widget-container\">\n\t\t\t\t\t\t\t\t\t<p>V rubriki Pogosta vpra\u0161anja smo zbrali odgovore na najpogostej\u0161a vpra\u0161anja. \u010ce potrebujete dodatne informacije, prosimo, kontaktirajte z nami.<\/p>\t\t\t\t\t\t\t\t<\/div>\n\t\t\t\t<\/div>\n\t\t\t\t<div class=\"elementor-element elementor-element-46e0f62 elementor-widget elementor-widget-n-accordion\" data-id=\"46e0f62\" data-element_type=\"widget\" data-e-type=\"widget\" data-settings=\"{&quot;max_items_expended&quot;:&quot;multiple&quot;,&quot;n_accordion_animation_duration&quot;:{&quot;unit&quot;:&quot;ms&quot;,&quot;size&quot;:300,&quot;sizes&quot;:[]},&quot;default_state&quot;:&quot;all_collapsed&quot;}\" data-widget_type=\"nested-accordion.default\">\n\t\t\t\t<div class=\"elementor-widget-container\">\n\t\t\t\t\t\t\t<div class=\"e-n-accordion\" aria-label=\"Accordion. Open links with Enter or Space, close with Escape, and navigate with Arrow Keys\">\n\t\t\t\t\t\t<details id=\"e-n-accordion-item-7430\" class=\"e-n-accordion-item\" >\n\t\t\t\t<summary class=\"e-n-accordion-item-title\" data-accordion-index=\"1\" tabindex=\"0\" aria-expanded=\"false\" aria-controls=\"e-n-accordion-item-7430\" >\n\t\t\t\t\t<span class='e-n-accordion-item-title-header'><div class=\"e-n-accordion-item-title-text\"> Kako lahko rezerviram sobo? <\/div><\/span>\n\t\t\t\t\t\t\t\t\t<\/summary>\n\t\t\t\t<div role=\"region\" aria-labelledby=\"e-n-accordion-item-7430\" class=\"elementor-element elementor-element-770633d e-con-full e-flex e-con e-child\" data-id=\"770633d\" data-element_type=\"container\" data-e-type=\"container\">\n\t\t\t\t<div class=\"elementor-element elementor-element-509efd7 elementor-widget elementor-widget-text-editor\" data-id=\"509efd7\" data-element_type=\"widget\" data-e-type=\"widget\" data-widget_type=\"text-editor.default\">\n\t\t\t\t<div class=\"elementor-widget-container\">\n\t\t\t\t\t\t\t\t\t<p>Sobo lahko rezervirate neposredno prek na\u0161e spletne strani. Pla\u010date lahko s kartico ali z ban\u010dnim nakazilom po predra\u010dunu.<\/p>\t\t\t\t\t\t\t\t<\/div>\n\t\t\t\t<\/div>\n\t\t\t\t<\/div>\n\t\t\t\t\t<\/details>\n\t\t\t\t\t\t<details id=\"e-n-accordion-item-7431\" class=\"e-n-accordion-item\" >\n\t\t\t\t<summary class=\"e-n-accordion-item-title\" data-accordion-index=\"2\" tabindex=\"-1\" aria-expanded=\"false\" aria-controls=\"e-n-accordion-item-7431\" >\n\t\t\t\t\t<span class='e-n-accordion-item-title-header'><div class=\"e-n-accordion-item-title-text\"> Kdaj sta prijava in odjava iz sob? <\/div><\/span>\n\t\t\t\t\t\t\t\t\t<\/summary>\n\t\t\t\t<div role=\"region\" aria-labelledby=\"e-n-accordion-item-7431\" class=\"elementor-element elementor-element-ebd373b e-con-full e-flex e-con e-child\" data-id=\"ebd373b\" data-element_type=\"container\" data-e-type=\"container\">\n\t\t\t\t<div class=\"elementor-element elementor-element-2c0e9bd elementor-widget elementor-widget-text-editor\" data-id=\"2c0e9bd\" data-element_type=\"widget\" data-e-type=\"widget\" data-widget_type=\"text-editor.default\">\n\t\t\t\t<div class=\"elementor-widget-container\">\n\t\t\t\t\t\t\t\t\t<p>Prijava je mo\u017ena od 14. ure dalje, odjava pa do 10. ure dopoldne.<\/p>\t\t\t\t\t\t\t\t<\/div>\n\t\t\t\t<\/div>\n\t\t\t\t<\/div>\n\t\t\t\t\t<\/details>\n\t\t\t\t\t\t<details id=\"e-n-accordion-item-7432\" class=\"e-n-accordion-item\" >\n\t\t\t\t<summary class=\"e-n-accordion-item-title\" data-accordion-index=\"3\" tabindex=\"-1\" aria-expanded=\"false\" aria-controls=\"e-n-accordion-item-7432\" >\n\t\t\t\t\t<span class='e-n-accordion-item-title-header'><div class=\"e-n-accordion-item-title-text\"> Ali je zajtrk vklju\u010den v ceno? <\/div><\/span>\n\t\t\t\t\t\t\t\t\t<\/summary>\n\t\t\t\t<div role=\"region\" aria-labelledby=\"e-n-accordion-item-7432\" class=\"elementor-element elementor-element-917dba1 e-con-full e-flex e-con e-child\" data-id=\"917dba1\" data-element_type=\"container\" data-e-type=\"container\">\n\t\t\t\t<div class=\"elementor-element elementor-element-7b86422 elementor-widget elementor-widget-text-editor\" data-id=\"7b86422\" data-element_type=\"widget\" data-e-type=\"widget\" data-widget_type=\"text-editor.default\">\n\t\t\t\t<div class=\"elementor-widget-container\">\n\t\t\t\t\t\t\t\t\t<p>Zajtrk je na voljo z dopla\u010dilom.<\/p>\t\t\t\t\t\t\t\t<\/div>\n\t\t\t\t<\/div>\n\t\t\t\t<\/div>\n\t\t\t\t\t<\/details>\n\t\t\t\t\t\t<details id=\"e-n-accordion-item-7433\" class=\"e-n-accordion-item\" >\n\t\t\t\t<summary class=\"e-n-accordion-item-title\" data-accordion-index=\"4\" tabindex=\"-1\" aria-expanded=\"false\" aria-controls=\"e-n-accordion-item-7433\" >\n\t\t\t\t\t<span class='e-n-accordion-item-title-header'><div class=\"e-n-accordion-item-title-text\"> Kje lahko parkiram? <\/div><\/span>\n\t\t\t\t\t\t\t\t\t<\/summary>\n\t\t\t\t<div role=\"region\" aria-labelledby=\"e-n-accordion-item-7433\" class=\"elementor-element elementor-element-549e23f e-con-full e-flex e-con e-child\" data-id=\"549e23f\" data-element_type=\"container\" data-e-type=\"container\">\n\t\t\t\t<div class=\"elementor-element elementor-element-d3f7098 elementor-widget elementor-widget-text-editor\" data-id=\"d3f7098\" data-element_type=\"widget\" data-e-type=\"widget\" data-widget_type=\"text-editor.default\">\n\t\t\t\t<div class=\"elementor-widget-container\">\n\t\t\t\t\t\t\t\t\t<p>Na voljo je javno parkiri\u0161\u010de v modri coni v bli\u017eini objekta. Parkiranje je pla\u010dljivo.\u00a0 Za 10\u20ac na dan je na voljo tudi zasebno parkiri\u0161\u010de po\u00a0 predhodni najavi in v okviru razpolo\u017eljivosti.<\/p>\t\t\t\t\t\t\t\t<\/div>\n\t\t\t\t<\/div>\n\t\t\t\t<\/div>\n\t\t\t\t\t<\/details>\n\t\t\t\t\t\t<details id=\"e-n-accordion-item-7434\" class=\"e-n-accordion-item\" >\n\t\t\t\t<summary class=\"e-n-accordion-item-title\" data-accordion-index=\"5\" tabindex=\"-1\" aria-expanded=\"false\" aria-controls=\"e-n-accordion-item-7434\" >\n\t\t\t\t\t<span class='e-n-accordion-item-title-header'><div class=\"e-n-accordion-item-title-text\"> Ali so hi\u0161ni ljubljen\u010dki dovoljeni? <\/div><\/span>\n\t\t\t\t\t\t\t\t\t<\/summary>\n\t\t\t\t<div role=\"region\" aria-labelledby=\"e-n-accordion-item-7434\" class=\"elementor-element elementor-element-6230e0e e-con-full e-flex e-con e-child\" data-id=\"6230e0e\" data-element_type=\"container\" data-e-type=\"container\">\n\t\t\t\t<div class=\"elementor-element elementor-element-e0a1239 elementor-widget elementor-widget-text-editor\" data-id=\"e0a1239\" data-element_type=\"widget\" data-e-type=\"widget\" data-widget_type=\"text-editor.default\">\n\t\t\t\t<div class=\"elementor-widget-container\">\n\t\t\t\t\t\t\t\t\t<p>Hi\u0161ni ljubljen\u010dki niso dovoljeni.<\/p>\t\t\t\t\t\t\t\t<\/div>\n\t\t\t\t<\/div>\n\t\t\t\t<\/div>\n\t\t\t\t\t<\/details>\n\t\t\t\t\t\t<details id=\"e-n-accordion-item-7435\" class=\"e-n-accordion-item\" >\n\t\t\t\t<summary class=\"e-n-accordion-item-title\" data-accordion-index=\"6\" tabindex=\"-1\" aria-expanded=\"false\" aria-controls=\"e-n-accordion-item-7435\" >\n\t\t\t\t\t<span class='e-n-accordion-item-title-header'><div class=\"e-n-accordion-item-title-text\"> Ali nudite brezpla\u010den Wi-Fi? <\/div><\/span>\n\t\t\t\t\t\t\t\t\t<\/summary>\n\t\t\t\t<div role=\"region\" aria-labelledby=\"e-n-accordion-item-7435\" class=\"elementor-element elementor-element-ee7fb80 e-con-full e-flex e-con e-child\" data-id=\"ee7fb80\" data-element_type=\"container\" data-e-type=\"container\">\n\t\t\t\t<div class=\"elementor-element elementor-element-0ab45f4 elementor-widget elementor-widget-text-editor\" data-id=\"0ab45f4\" data-element_type=\"widget\" data-e-type=\"widget\" data-widget_type=\"text-editor.default\">\n\t\t\t\t<div class=\"elementor-widget-container\">\n\t\t\t\t\t\t\t\t\t<p>Da<\/p>\t\t\t\t\t\t\t\t<\/div>\n\t\t\t\t<\/div>\n\t\t\t\t<\/div>\n\t\t\t\t\t<\/details>\n\t\t\t\t\t\t<details id=\"e-n-accordion-item-7436\" class=\"e-n-accordion-item\" >\n\t\t\t\t<summary class=\"e-n-accordion-item-title\" data-accordion-index=\"7\" tabindex=\"-1\" aria-expanded=\"false\" aria-controls=\"e-n-accordion-item-7436\" >\n\t\t\t\t\t<span class='e-n-accordion-item-title-header'><div class=\"e-n-accordion-item-title-text\"> Kak\u0161na je va\u0161a politika odpovedi? <\/div><\/span>\n\t\t\t\t\t\t\t\t\t<\/summary>\n\t\t\t\t<div role=\"region\" aria-labelledby=\"e-n-accordion-item-7436\" class=\"elementor-element elementor-element-9eaf75e e-con-full e-flex e-con e-child\" data-id=\"9eaf75e\" data-element_type=\"container\" data-e-type=\"container\">\n\t\t\t\t<div class=\"elementor-element elementor-element-2d2caf9 elementor-widget elementor-widget-text-editor\" data-id=\"2d2caf9\" data-element_type=\"widget\" data-e-type=\"widget\" data-widget_type=\"text-editor.default\">\n\t\t\t\t<div class=\"elementor-widget-container\">\n\t\t\t\t\t\t\t\t\t<p>Brezpla\u010dna odpoved je mo\u017ena do 14 dni pred prihodom. Odpovedi do 7 dni pred prihodom se zara\u010dunajo 50 % cene, odpovedi po tem roku pa celoten znesek.<\/p>\t\t\t\t\t\t\t\t<\/div>\n\t\t\t\t<\/div>\n\t\t\t\t<\/div>\n\t\t\t\t\t<\/details>\n\t\t\t\t\t\t<details id=\"e-n-accordion-item-7437\" class=\"e-n-accordion-item\" >\n\t\t\t\t<summary class=\"e-n-accordion-item-title\" data-accordion-index=\"8\" tabindex=\"-1\" aria-expanded=\"false\" aria-controls=\"e-n-accordion-item-7437\" >\n\t\t\t\t\t<span class='e-n-accordion-item-title-header'><div class=\"e-n-accordion-item-title-text\"> Kdaj je odprta restavracija oziroma kdaj stre\u017eete zajtrk? <\/div><\/span>\n\t\t\t\t\t\t\t\t\t<\/summary>\n\t\t\t\t<div role=\"region\" aria-labelledby=\"e-n-accordion-item-7437\" class=\"elementor-element elementor-element-2b96a6d e-con-full e-flex e-con e-child\" data-id=\"2b96a6d\" data-element_type=\"container\" data-e-type=\"container\">\n\t\t\t\t<div class=\"elementor-element elementor-element-0ff08c0 elementor-widget elementor-widget-text-editor\" data-id=\"0ff08c0\" data-element_type=\"widget\" data-e-type=\"widget\" data-widget_type=\"text-editor.default\">\n\t\t\t\t<div class=\"elementor-widget-container\">\n\t\t\t\t\t\t\t\t\t<p>Zajtrk stre\u017eemo med 7. in 10. uro zjutraj.<\/p>\t\t\t\t\t\t\t\t<\/div>\n\t\t\t\t<\/div>\n\t\t\t\t<\/div>\n\t\t\t\t\t<\/details>\n\t\t\t\t\t\t<details id=\"e-n-accordion-item-7438\" class=\"e-n-accordion-item\" >\n\t\t\t\t<summary class=\"e-n-accordion-item-title\" data-accordion-index=\"9\" tabindex=\"-1\" aria-expanded=\"false\" aria-controls=\"e-n-accordion-item-7438\" >\n\t\t\t\t\t<span class='e-n-accordion-item-title-header'><div class=\"e-n-accordion-item-title-text\"> Ali imate sobe, prilagojene za osebe z oviranostmi? <\/div><\/span>\n\t\t\t\t\t\t\t\t\t<\/summary>\n\t\t\t\t<div role=\"region\" aria-labelledby=\"e-n-accordion-item-7438\" class=\"elementor-element elementor-element-b802cef e-con-full e-flex e-con e-child\" data-id=\"b802cef\" data-element_type=\"container\" data-e-type=\"container\">\n\t\t\t\t<div class=\"elementor-element elementor-element-b4df544 elementor-widget elementor-widget-text-editor\" data-id=\"b4df544\" data-element_type=\"widget\" data-e-type=\"widget\" data-widget_type=\"text-editor.default\">\n\t\t\t\t<div class=\"elementor-widget-container\">\n\t\t\t\t\t\t\t\t\t<p>Da, imamo sobo prilagojeno za osebe z oviranostmi \u2013 soba 1.01.<\/p>\t\t\t\t\t\t\t\t<\/div>\n\t\t\t\t<\/div>\n\t\t\t\t<\/div>\n\t\t\t\t\t<\/details>\n\t\t\t\t\t\t<details id=\"e-n-accordion-item-7439\" class=\"e-n-accordion-item\" >\n\t\t\t\t<summary class=\"e-n-accordion-item-title\" data-accordion-index=\"10\" tabindex=\"-1\" aria-expanded=\"false\" aria-controls=\"e-n-accordion-item-7439\" >\n\t\t\t\t\t<span class='e-n-accordion-item-title-header'><div class=\"e-n-accordion-item-title-text\"> Ali imate dvigalo? <\/div><\/span>\n\t\t\t\t\t\t\t\t\t<\/summary>\n\t\t\t\t<div role=\"region\" aria-labelledby=\"e-n-accordion-item-7439\" class=\"elementor-element elementor-element-d5fddcc e-con-full e-flex e-con e-child\" data-id=\"d5fddcc\" data-element_type=\"container\" data-e-type=\"container\">\n\t\t\t\t<div class=\"elementor-element elementor-element-4e2415b elementor-widget elementor-widget-text-editor\" data-id=\"4e2415b\" data-element_type=\"widget\" data-e-type=\"widget\" data-widget_type=\"text-editor.default\">\n\t\t\t\t<div class=\"elementor-widget-container\">\n\t\t\t\t\t\t\t\t\t<p>Da<\/p>\t\t\t\t\t\t\t\t<\/div>\n\t\t\t\t<\/div>\n\t\t\t\t<\/div>\n\t\t\t\t\t<\/details>\n\t\t\t\t\t<\/div>\n\t\t\t\t\t<script type=\"application\/ld+json\">{\"@context\":\"https:\\\/\\\/schema.org\",\"@type\":\"FAQPage\",\"mainEntity\":[{\"@type\":\"Question\",\"name\":\"Kako lahko rezerviram sobo?\",\"acceptedAnswer\":{\"@type\":\"Answer\",\"text\":\"Sobo lahko rezervirate neposredno prek na\\u0161e spletne strani. Pla\\u010date lahko s kartico ali z ban\\u010dnim nakazilom po predra\\u010dunu.\"}},{\"@type\":\"Question\",\"name\":\"Kdaj sta prijava in odjava iz sob?\",\"acceptedAnswer\":{\"@type\":\"Answer\",\"text\":\"Prijava je mo\\u017ena od 14. ure dalje, odjava pa do 10. ure dopoldne.\"}},{\"@type\":\"Question\",\"name\":\"Ali je zajtrk vklju\\u010den v ceno?\",\"acceptedAnswer\":{\"@type\":\"Answer\",\"text\":\"Zajtrk je na voljo z dopla\\u010dilom.\"}},{\"@type\":\"Question\",\"name\":\"Kje lahko parkiram?\",\"acceptedAnswer\":{\"@type\":\"Answer\",\"text\":\"Na voljo je javno parkiri\\u0161\\u010de v modri coni v bli\\u017eini objekta. Parkiranje je pla\\u010dljivo.\\u00a0 Za 10\\u20ac na dan je na voljo tudi zasebno parkiri\\u0161\\u010de po\\u00a0 predhodni najavi in v okviru razpolo\\u017eljivosti.\"}},{\"@type\":\"Question\",\"name\":\"Ali so hi\\u0161ni ljubljen\\u010dki dovoljeni?\",\"acceptedAnswer\":{\"@type\":\"Answer\",\"text\":\"Hi\\u0161ni ljubljen\\u010dki niso dovoljeni.\"}},{\"@type\":\"Question\",\"name\":\"Ali nudite brezpla\\u010den Wi-Fi?\",\"acceptedAnswer\":{\"@type\":\"Answer\",\"text\":\"Da\"}},{\"@type\":\"Question\",\"name\":\"Kak\\u0161na je va\\u0161a politika odpovedi?\",\"acceptedAnswer\":{\"@type\":\"Answer\",\"text\":\"Brezpla\\u010dna odpoved je mo\\u017ena do 14 dni pred prihodom. Odpovedi do 7 dni pred prihodom se zara\\u010dunajo 50 % cene, odpovedi po tem roku pa celoten znesek.\"}},{\"@type\":\"Question\",\"name\":\"Kdaj je odprta restavracija oziroma kdaj stre\\u017eete zajtrk?\",\"acceptedAnswer\":{\"@type\":\"Answer\",\"text\":\"Zajtrk stre\\u017eemo med 7. in 10. uro zjutraj.\"}},{\"@type\":\"Question\",\"name\":\"Ali imate sobe, prilagojene za osebe z oviranostmi?\",\"acceptedAnswer\":{\"@type\":\"Answer\",\"text\":\"Da, imamo sobo prilagojeno za osebe z oviranostmi \\u2013 soba 1.01.\"}},{\"@type\":\"Question\",\"name\":\"Ali imate dvigalo?\",\"acceptedAnswer\":{\"@type\":\"Answer\",\"text\":\"Da\"}}]}<\/script>\n\t\t\t\t\t\t\t<\/div>\n\t\t\t\t<\/div>\n\t\t\t\t<\/div>\n\t\t<div class=\"elementor-element elementor-element-c88949d e-con-full e-flex e-con e-child\" data-id=\"c88949d\" data-element_type=\"container\" data-e-type=\"container\">\n\t\t\t\t<\/div>\n\t\t\t\t\t<\/div>\n\t\t\t\t<\/div>\n\t\t\t\t<\/div>\n\t\t","protected":false},"excerpt":{"rendered":"<p>Pogosta vpra\u0161anja V rubriki Pogosta vpra\u0161anja smo zbrali odgovore na najpogostej\u0161a vpra\u0161anja. \u010ce potrebujete dodatne informacije, prosimo, kontaktirajte z nami. Kako lahko rezerviram sobo? Sobo lahko rezervirate neposredno prek na\u0161e spletne strani. Pla\u010date lahko s kartico ali z ban\u010dnim nakazilom po predra\u010dunu. Kdaj sta prijava in odjava iz sob? Prijava je mo\u017ena od 14. ure [&hellip;]<\/p>\n","protected":false},"author":1,"featured_media":0,"parent":0,"menu_order":8,"comment_status":"closed","ping_status":"closed","template":"","meta":{"footnotes":""},"folder":[],"class_list":["post-442","page","type-page","status-publish","hentry"],"_links":{"self":[{"href":"https:\/\/hisabarbara.si\/en\/wp-json\/wp\/v2\/pages\/442","targetHints":{"allow":["GET"]}}],"collection":[{"href":"https:\/\/hisabarbara.si\/en\/wp-json\/wp\/v2\/pages"}],"about":[{"href":"https:\/\/hisabarbara.si\/en\/wp-json\/wp\/v2\/types\/page"}],"author":[{"embeddable":true,"href":"https:\/\/hisabarbara.si\/en\/wp-json\/wp\/v2\/users\/1"}],"replies":[{"embeddable":true,"href":"https:\/\/hisabarbara.si\/en\/wp-json\/wp\/v2\/comments?post=442"}],"version-history":[{"count":46,"href":"https:\/\/hisabarbara.si\/en\/wp-json\/wp\/v2\/pages\/442\/revisions"}],"predecessor-version":[{"id":1078,"href":"https:\/\/hisabarbara.si\/en\/wp-json\/wp\/v2\/pages\/442\/revisions\/1078"}],"wp:attachment":[{"href":"https:\/\/hisabarbara.si\/en\/wp-json\/wp\/v2\/media?parent=442"}],"wp:term":[{"taxonomy":"folder","embeddable":true,"href":"https:\/\/hisabarbara.si\/en\/wp-json\/wp\/v2\/folder?post=442"}],"curies":[{"name":"wp","href":"https:\/\/api.w.org\/{rel}","templated":true}]}}